{"id":7364,"date":"2020-12-27T22:15:31","date_gmt":"2020-12-27T22:15:31","guid":{"rendered":"https:\/\/diagrame.es\/cookies-policy\/"},"modified":"2022-07-29T12:57:30","modified_gmt":"2022-07-29T10:57:30","slug":"cookies-policy","status":"publish","type":"page","link":"https:\/\/diagrame.es\/es\/cookies-policy\/","title":{"rendered":"Pol\u00edtica de Cookies"},"content":{"rendered":"[vc_row type=\u00bbin_container\u00bb full_screen_row_position=\u00bbmiddle\u00bb column_margin=\u00bbdefault\u00bb column_direction=\u00bbdefault\u00bb column_direction_tablet=\u00bbdefault\u00bb column_direction_phone=\u00bbdefault\u00bb scene_position=\u00bbcenter\u00bb bottom_padding=\u00bb50&#8243; left_padding_desktop=\u00bb40&#8243; right_padding_desktop=\u00bb40&#8243; bottom_padding_tablet=\u00bb30&#8243; left_padding_tablet=\u00bb20&#8243; right_padding_tablet=\u00bb20&#8243; bottom_padding_phone=\u00bb30&#8243; left_padding_phone=\u00bb10&#8243; right_padding_phone=\u00bb10&#8243; text_color=\u00bbdark\u00bb text_align=\u00bbleft\u00bb row_border_radius=\u00bbnone\u00bb row_border_radius_applies=\u00bbbg\u00bb class=\u00bbdestacado legal\u00bb overlay_strength=\u00bb0.3&#8243; gradient_direction=\u00bbleft_to_right\u00bb shape_divider_position=\u00bbbottom\u00bb bg_image_animation=\u00bbnone\u00bb shape_type=\u00bb\u00bb][vc_column column_padding=\u00bbno-extra-padding\u00bb column_padding_tablet=\u00bbinherit\u00bb column_padding_phone=\u00bbinherit\u00bb column_padding_position=\u00bball\u00bb background_color_opacity=\u00bb1&#8243; background_hover_color_opacity=\u00bb1&#8243; column_shadow=\u00bbnone\u00bb column_border_radius=\u00bbnone\u00bb column_link_target=\u00bb_self\u00bb gradient_direction=\u00bbleft_to_right\u00bb overlay_strength=\u00bb0.3&#8243; width=\u00bb1\/1&#8243; tablet_width_inherit=\u00bbdefault\u00bb tablet_text_alignment=\u00bbdefault\u00bb phone_text_alignment=\u00bbdefault\u00bb column_border_width=\u00bbnone\u00bb column_border_style=\u00bbsolid\u00bb bg_image_animation=\u00bbnone\u00bb][vc_column_text]\n<h2 class=\"center azul\" style=\"text-align: center;\">Pol\u00edtica de Cookies<\/h2>\n<div class=\"clear50\"><\/div>\n<p><strong>INTRODUCCI\u00d3N<\/strong><\/p>\n<p>Hemos creado esta pol\u00edtica de cookies para informarle sobre su existencia y explicar por qu\u00e9 utilizamos cookies en nuestro portal web\u00a0<a href=\"https:\/\/diagrame.es\/\">https:\/\/diagrame.es<\/a> (de aqu\u00ed en adelante, la \u201cp\u00e1gina web\u201d), propiedad de Patrizia- Diagrame SL,\u00a0(de aqu\u00ed en adelante,\u00a0<strong>PATRIZIA<\/strong>), con n\u00famero de CIF B8819 1713, y domicilio en C\/ GENOVA 27, 1. Madrid \u2013 Espa\u00f1a, c\u00f3digo Postal 28004.<\/p>\n<p>Al acceder y\/o utilizar nuestra p\u00e1gina web, usted acepta la utilizaci\u00f3n de cookies y otras tecnolog\u00edas similares por parte de PATRIZIA y terceros. Estos terceros pueden colocar y leer cookies y otras tecnolog\u00edas similares, tales como identificadores de dispositivos, balizas web o \u201cweb beacons\u201d y pixeles de rastreo o \u201ctracking pixels\u201d, los cuales recopilan informaci\u00f3n an\u00f3nima cuando el usuario utiliza el servicio.<\/p>\n<p>Estas tecnolog\u00edas se utilizan para poder prestarle el servicio, ofrecerle publicidad que resulte de su inter\u00e9s, as\u00ed como mejorar el servicio, facilitando tambi\u00e9n el uso de nuestras aplicaciones y plataforma web.<\/p>\n<p>Si tiene dudas sobre esta pol\u00edtica de cookies, puede contactar con nosotros en\u00a0<a href=\"mailto:info@diagrame.es\">info@diagrame.es<\/a><\/p>\n<p><strong>\u00bfQU\u00c9 SON LAS COOKIES?<\/strong><\/p>\n<p>Las cookies y estas otras tecnolog\u00edas son peque\u00f1os archivos que se descargan en el ordenador u otro equipo que utilice el usuario cuando accede y\/o utiliza determinadas p\u00e1ginas web o determinados servicios online, que almacenan y recuperan informaci\u00f3n cuando navega.<\/p>\n<p>Las cookies se utilizan para diversas finalidades, entre ellas, para hacer que funcionen las p\u00e1ginas web o para que lo hagan de modo m\u00e1s eficaz, reconocerle como usuario, as\u00ed como para proporcionar informaci\u00f3n sobre los h\u00e1bitos de navegaci\u00f3n del usuario, de su equipo, tiempo de conexi\u00f3n, analizar el funcionamiento de la p\u00e1gina, o personalizar la forma en que se muestra el contenido; y, con ello, poder prestar determinados servicios, ofrecer publicidad o poder implementar mejoras o nuevos servicios.<\/p>\n<p>Los usos concretos que hacemos de estas tecnolog\u00edas se describen a continuaci\u00f3n.<\/p>\n<p><strong>\u00bfQU\u00c9 COOKIES UTILIZAMOS?<\/strong><\/p>\n<p>A continuaci\u00f3n, se informa de los tipos de cookies que existen y de las cookies, propias y de terceros, que utiliza nuestra p\u00e1gina web:<\/p>\n<table width=\"425\">\n<tbody>\n<tr>\n<td width=\"149\"><strong>Tipo<\/strong><\/td>\n<td width=\"277\"><strong>Finalidad<\/strong><\/td>\n<\/tr>\n<tr>\n<td width=\"149\">Cookies t\u00e9cnicas<\/td>\n<td width=\"277\">Son aqu\u00e9llas que permiten al usuario la navegaci\u00f3n a trav\u00e9s de una p\u00e1gina web, plataforma o aplicaci\u00f3n y la utilizaci\u00f3n de las diferentes opciones o servicios que en ella existan como, por ejemplo, controlar el tr\u00e1fico y la comunicaci\u00f3n de datos, identificar la sesi\u00f3n, acceder a partes de acceso restringido o utilizar elementos de seguridad durante la navegaci\u00f3n.<\/td>\n<\/tr>\n<tr>\n<td width=\"149\">Cookies de personalizaci\u00f3n<\/td>\n<td width=\"277\">Son aqu\u00e9llas que permiten al usuario acceder al servicio con algunas caracter\u00edsticas de car\u00e1cter general predefinidas en funci\u00f3n de una serie de criterios en el terminal del usuario como, por ejemplo, el idioma, el tipo de navegador a trav\u00e9s del cual accede al servicio, la configuraci\u00f3n regional desde donde accede al servicio, etc.<\/td>\n<\/tr>\n<tr>\n<td width=\"149\">Cookies de an\u00e1lisis<\/td>\n<td width=\"277\">Son aquellas que permiten el seguimiento y an\u00e1lisis del comportamiento de los usuarios en un determinado sitio web y\/o servicios a los que est\u00e1 vinculado. La informaci\u00f3n recogida mediante este tipo de cookies se utiliza en la medici\u00f3n de la actividad de los sitios web, aplicaci\u00f3n o plataforma, y para la elaboraci\u00f3n de perfiles de navegaci\u00f3n de los usuarios de dichos sitios, con el fin de introducir mejoras en funci\u00f3n del an\u00e1lisis de los datos de uso que hacen los usuarios del servicio.<\/p>\n<p>Esta web utiliza servicios de an\u00e1lisis, concretamente, de\u00a0<strong>Google Analytics<\/strong>\u00a0para ayudar al website a analizar el uso que hacen los usuarios del sitio web y mejorar la usabilidad, pero en ning\u00fan caso se asocian a datos que pudieran llegar a identificar al usuario. Google Analytics, es un servicio anal\u00edtico de web prestado por Google, Inc.<\/p>\n<p>Asimismo, utilizamos las\u00a0<strong>cookies de Wistia<\/strong>\u00a0para hacer un seguimiento del comportamiento de los usuarios mientras ven v\u00eddeos en el sitio web de Mile 22 Business Campus, incluyendo la parte de v\u00eddeo(s) visto, los botones pulsados en el v\u00eddeo y las tasas de finalizaci\u00f3n de v\u00eddeo.<\/td>\n<\/tr>\n<tr>\n<td width=\"149\">Cookies publicitarias<\/td>\n<td width=\"277\">Son aquellas que permiten la gesti\u00f3n, de la forma m\u00e1s eficaz posible, de los espacios publicitarios que, en su caso, terceros hayan incluido en una p\u00e1gina web desde la que presta el servicio, utiliz\u00e1ndose para limitar la frecuencia y organizar la publicidad que se recibe.<\/td>\n<\/tr>\n<tr>\n<td width=\"149\">Cookies de publicidad comportamental<\/td>\n<td width=\"277\">Son aqu\u00e9llas que permiten la gesti\u00f3n de los espacios publicitarios que, en su caso, se hayan incluido en una p\u00e1gina web, aplicaci\u00f3n o plataforma desde la que presta el servicio.<\/p>\n<p>Estas cookies almacenan informaci\u00f3n del comportamiento de los usuarios obtenida a trav\u00e9s de la observaci\u00f3n continuada de sus h\u00e1bitos de navegaci\u00f3n, lo que permite desarrollar un perfil espec\u00edfico para mostrar publicidad que pueda resultarle importante o interesante.<\/td>\n<\/tr>\n<\/tbody>\n<\/table>\n<p><strong>\u00bfC\u00d3MO LAS PUEDO GESTIONAR O DESHABILITAR?<\/strong><\/p>\n<p>Puede usted permitir, bloquear o desactivar las cookies instaladas en su equipo mediante la configuraci\u00f3n del navegador web de su ordenador o su dispositivo m\u00f3vil. La configuraci\u00f3n de los navegadores de Internet suele estar programada por defecto para aceptar Cookies, pero pueden desactivarse f\u00e1cilmente cambiando la configuraci\u00f3n del navegador.<\/p>\n<p>Muchas cookies se utilizan para mejorar la usabilidad o funcionalidad de los sitios web\/aplicaciones, por lo tanto, si decide desactivar las cookies, es posible que algunas funcionalidades de los servicios no funcionen correctamente o su calidad puede verse afectada. Como alternativa, si el usuario no desea que se recopilen los datos conforme a lo descrito en la presente pol\u00edtica de cookies, deber\u00e1 dejar de utilizar los servicios.<\/p>\n<p>A continuaci\u00f3n, le ofrecemos los links con las instrucciones a seguir para borrar, habilitar y administrar las cookies, seg\u00fan el navegador que utilice:<\/p>\n<ul>\n<li><a href=\"https:\/\/support.google.com\/chrome\/answer\/95647?hl=es\">Google Chrome<\/a><\/li>\n<li><a href=\"https:\/\/support.microsoft.com\/es-es\/products\/windows?os=windows-10\">Microsoft Internet Explorer<\/a><\/li>\n<li><a href=\"https:\/\/support.mozilla.org\/es\/kb\/habilitar-y-deshabilitar-cookies-sitios-web-rastrear-preferencias\">Mozilla Firefox<\/a><\/li>\n<li><a href=\"https:\/\/support.apple.com\/es-es\/HT201265\">Safari (Apple)<\/a><\/li>\n<\/ul>\n<p><strong>ACTUALIZACIONES Y CAMBIOS<\/strong><\/p>\n<p>En cualquier momento, PATRIZIA puede modificar unilateralmente, y sin previo aviso, la presentaci\u00f3n y\/o configuraci\u00f3n de la p\u00e1gina web, los servicios y contenidos prestados, incluidas las cookies utilizadas por la p\u00e1gina web, as\u00ed como la presente Pol\u00edtica de Cookies, por lo que se aconseja a los usuarios que la revisen peri\u00f3dicamente.[\/vc_column_text][\/vc_column][\/vc_row]\n","protected":false},"excerpt":{"rendered":"<p>[vc_row type=\u00bbin_container\u00bb full_screen_row_position=\u00bbmiddle\u00bb column_margin=\u00bbdefault\u00bb column_direction=\u00bbdefault\u00bb column_direction_tablet=\u00bbdefault\u00bb column_direction_phone=\u00bbdefault\u00bb scene_position=\u00bbcenter\u00bb bottom_padding=\u00bb50&#8243; left_padding_desktop=\u00bb40&#8243; right_padding_desktop=\u00bb40&#8243; bottom_padding_tablet=\u00bb30&#8243; left_padding_tablet=\u00bb20&#8243; right_padding_tablet=\u00bb20&#8243; bottom_padding_phone=\u00bb30&#8243; left_padding_phone=\u00bb10&#8243; right_padding_phone=\u00bb10&#8243; text_color=\u00bbdark\u00bb text_align=\u00bbleft\u00bb row_border_radius=\u00bbnone\u00bb row_border_radius_applies=\u00bbbg\u00bb class=\u00bbdestacado legal\u00bb overlay_strength=\u00bb0.3&#8243; gradient_direction=\u00bbleft_to_right\u00bb shape_divider_position=\u00bbbottom\u00bb bg_image_animation=\u00bbnone\u00bb shape_type=\u00bb\u00bb][vc_column column_padding=\u00bbno-extra-padding\u00bb column_padding_tablet=\u00bbinherit\u00bb&#8230;<\/p>\n","protected":false},"author":1,"featured_media":0,"parent":0,"menu_order":0,"comment_status":"closed","ping_status":"closed","template":"","meta":[],"_links":{"self":[{"href":"https:\/\/diagrame.es\/es\/wp-json\/wp\/v2\/pages\/7364"}],"collection":[{"href":"https:\/\/diagrame.es\/es\/wp-json\/wp\/v2\/pages"}],"about":[{"href":"https:\/\/diagrame.es\/es\/wp-json\/wp\/v2\/types\/page"}],"author":[{"embeddable":true,"href":"https:\/\/diagrame.es\/es\/wp-json\/wp\/v2\/users\/1"}],"replies":[{"embeddable":true,"href":"https:\/\/diagrame.es\/es\/wp-json\/wp\/v2\/comments?post=7364"}],"version-history":[{"count":0,"href":"https:\/\/diagrame.es\/es\/wp-json\/wp\/v2\/pages\/7364\/revisions"}],"wp:attachment":[{"href":"https:\/\/diagrame.es\/es\/wp-json\/wp\/v2\/media?parent=7364"}],"curies":[{"name":"wp","href":"https:\/\/api.w.org\/{rel}","templated":true}]}}