{"id":7368,"date":"2020-12-27T22:14:49","date_gmt":"2020-12-27T22:14:49","guid":{"rendered":"https:\/\/diagrame.es\/legal-notice\/"},"modified":"2022-07-29T12:58:43","modified_gmt":"2022-07-29T10:58:43","slug":"aviso-legal","status":"publish","type":"page","link":"https:\/\/diagrame.es\/es\/aviso-legal\/","title":{"rendered":"Aviso Legal"},"content":{"rendered":"[vc_row type=\u00bbin_container\u00bb full_screen_row_position=\u00bbmiddle\u00bb column_margin=\u00bbdefault\u00bb column_direction=\u00bbdefault\u00bb column_direction_tablet=\u00bbdefault\u00bb column_direction_phone=\u00bbdefault\u00bb bg_color=\u00bb#ffffff\u00bb scene_position=\u00bbcenter\u00bb bottom_padding=\u00bb50&#8243; left_padding_desktop=\u00bb40&#8243; right_padding_desktop=\u00bb40&#8243; bottom_padding_tablet=\u00bb30&#8243; left_padding_tablet=\u00bb20&#8243; right_padding_tablet=\u00bb20&#8243; bottom_padding_phone=\u00bb30&#8243; left_padding_phone=\u00bb10&#8243; right_padding_phone=\u00bb10&#8243; text_color=\u00bbdark\u00bb text_align=\u00bbleft\u00bb row_border_radius=\u00bbnone\u00bb row_border_radius_applies=\u00bbbg\u00bb class=\u00bbdestacado legal\u00bb overlay_strength=\u00bb0.3&#8243; gradient_direction=\u00bbleft_to_right\u00bb shape_divider_position=\u00bbbottom\u00bb bg_image_animation=\u00bbnone\u00bb shape_type=\u00bb\u00bb][vc_column column_padding=\u00bbno-extra-padding\u00bb column_padding_tablet=\u00bbinherit\u00bb column_padding_phone=\u00bbinherit\u00bb column_padding_position=\u00bball\u00bb background_color_opacity=\u00bb1&#8243; background_hover_color_opacity=\u00bb1&#8243; column_shadow=\u00bbnone\u00bb column_border_radius=\u00bbnone\u00bb column_link_target=\u00bb_self\u00bb gradient_direction=\u00bbleft_to_right\u00bb overlay_strength=\u00bb0.3&#8243; width=\u00bb1\/1&#8243; tablet_width_inherit=\u00bbdefault\u00bb tablet_text_alignment=\u00bbdefault\u00bb phone_text_alignment=\u00bbdefault\u00bb column_border_width=\u00bbnone\u00bb column_border_style=\u00bbsolid\u00bb bg_image_animation=\u00bbnone\u00bb][vc_column_text]\n<h2 class=\"center azul\" style=\"text-align: center;\">Aviso Legal<\/h2>\n<div class=\"clear50\"><\/div>\n<ol>\n<li><strong>IDENTIFICACI\u00d3N DEL TITULAR DEL SITIO WEB<\/strong><\/li>\n<\/ol>\n<p>El presente Aviso Legal regula el uso de la p\u00e1gina\u00a0<a href=\"https:\/\/diagrame.es\">www.diagrame.es<\/a>\u00a0(en adelante el Sitio Web), titularidad de:<\/p>\n<ul>\n<li>PATRIZIA Diagrame SL, en adelante denominada \u201cPATRIZIA\u201d.<\/li>\n<li>CIF n\u00famero: B8819 1713<\/li>\n<li>Domicilio social: Avenida Diagonal,C\/ GENOVA 27, 1. Madrid \u2013 Espa\u00f1a. C\u00f3digo Postal: 28004<\/li>\n<li>Correo electr\u00f3nico:\u00a0<a href=\"mailto:info@diagrame.es\">info@diagrame.es<\/a><\/li>\n<li>N\u00famero de tel\u00e9fono: +34 91 76989 60<\/li>\n<li>Datos registrales: mercantil registrada en el Registro Mercantil de Barcelona, Tomo 45024, Folio 186, Hoja B-474602, Inscripci\u00f3n 1\u00aa.<\/li>\n<\/ul>\n<ol start=\"2\">\n<li><strong>CONDICIONES DE USO<\/strong><\/li>\n<\/ol>\n<p>2.1 Para poder usar el presente Website el usuario debe ser mayor de edad y tener capacidad legal para celebrar contratos.<\/p>\n<p>2.2 El acceso y uso de este Sitio Web le atribuye la condici\u00f3n de Usuario, quien, al navegar por el mismo, acepta \u00edntegra, expresa y sin reservas todas las cl\u00e1usulas del presente aviso legal, por lo que le rogamos los lea detenidamente.<\/p>\n<p>Asimismo, el acceso y la navegaci\u00f3n por el Sitio Web implican la aceptaci\u00f3n expresa e \u00edntegra de la Pol\u00edtica de Privacidad, relativa al tratamiento de los datos que usted como Usuario nos facilite, as\u00ed como de la Pol\u00edtica de Cookies.<\/p>\n<p>2.3 En cualquier momento, PATRIZIA puede modificar unilateralmente, y sin previo aviso, la presentaci\u00f3n y\/o configuraci\u00f3n del Sitio Web, los servicios y contenidos prestados, as\u00ed como el presente Aviso Legal.<\/p>\n<p>2.4 El Usuario se obliga a hacer un uso correcto de este Sitio Web, sus servicios y contenidos, sin contravenir los derechos fundamentales, la legislaci\u00f3n vigente, la buena fe, los usos generalmente aceptados o el orden p\u00fablico y, en general, las condiciones establecidas en el presente Aviso Legal. Se proh\u00edbe cualquier uso con fines il\u00edcitos o con fines que vulneren los derechos de PATRIZIA y\/o de terceros.<\/p>\n<p>2.5 En particular, el Usuario, al acceder al presente Sitio Web, se obliga expresamente a:<\/p>\n<ul>\n<li>No realizar ninguna acci\u00f3n destinada a perjudicar, bloquear, da\u00f1ar, inutilizar, sobrecargar, de forma temporal o definitiva, las funcionalidades, herramientas, contenidos y\/o la infraestructura de la p\u00e1gina web, de manera que impida su normal utilizaci\u00f3n.<\/li>\n<li>No utilizar cualquiera de los materiales e informaciones contenidos en este Sitio Web con fines il\u00edcitos y expresamente prohibidos en las presentes cl\u00e1usulas, y que resulten contrarios a los derechos e intereses de PATRIZIA y\/o terceros.<\/li>\n<li>Realizar cualquier acci\u00f3n que de cualquier manera menoscabe la reputaci\u00f3n de PATRIZIA o de terceros, o constituya, en su caso, publicidad il\u00edcita, enga\u00f1osa o desleal, y en general competencia desleal.<\/li>\n<li>Incorporar virus u otros elementos f\u00edsicos o electr\u00f3nicos que puedan da\u00f1ar o impedir el normal funcionamiento de la red, del sistema o de equipos inform\u00e1ticos de PATRIZIA o de terceros, o que puedan da\u00f1ar los documentos electr\u00f3nicos y archivos almacenados en dichos equipos.<\/li>\n<\/ul>\n<p>2.6 El Usuario responder\u00e1 de todos los da\u00f1os y perjuicios de toda naturaleza que PATRIZIA o cualquier tercero pueda sufrir como consecuencia del incumplimiento de cualquiera de las obligaciones a las que queda sometido en virtud del presente Aviso Legal o de la ley en relaci\u00f3n con el acceso y\/o utilizaci\u00f3n del Sitio Web.<\/p>\n<p>2.7 PATRIZIA se reserva el derecho de interrumpir el servicio para el usuario que est\u00e9 utilizando el Sitio Web sin considerar lo expresado en el presente Aviso Legal.<\/p>\n<ol start=\"3\">\n<li><strong>INFORMACI\u00d3N SOBRE NUESTROS PROYECTOS<\/strong><\/li>\n<\/ol>\n<p>Las fotograf\u00edas, representaciones gr\u00e1ficas o iconogr\u00e1ficas, v\u00eddeos y, en general, los contenidos relativos a los proyectos ofrecidos a trav\u00e9s del Sitio Web de PATRIZIA, tienen por objeto aportar la mayor informaci\u00f3n, no obstante, el Usuario ha de tener en cuenta que tienen un prop\u00f3sito orientativo y, en consecuencia, carecen de car\u00e1cter exhaustivo.<\/p>\n<p>PATRIZIA no garantiza que los contenidos sean precisos o libres de error y, en ning\u00fan caso tienen car\u00e1cter contractual o precontractual, pudiendo las especificaciones del proyecto (superficies, calidades, instalaciones, etc) ser modificadas o variar en funci\u00f3n de necesidades t\u00e9cnicas, legales y est\u00e9ticas.<\/p>\n<ol start=\"4\">\n<li><strong>PROPIEDAD INTELECTUAL E INDUSTRIAL<\/strong><\/li>\n<\/ol>\n<p>PATRIZIA, por s\u00ed o en calidad de cesionaria, es la titular de los derechos de propiedad intelectual e industrial del dominio de este Sitio Web, as\u00ed como de la totalidad de los contenidos totales o parciales que aparecen en el mismo, incluyendo, a t\u00edtulo meramente enunciativo y no limitativo, todos los elementos que configuran la apariencia visual, la imagen gr\u00e1fica y otros est\u00edmulos sensoriales de las p\u00e1ginas web que forman el Sitio Web \u2013aspecto y comportamiento o look and feel\u2013, marcas, logotipos, nombres comerciales, textos, cr\u00edticas y comentarios, im\u00e1genes, gr\u00e1ficos, dise\u00f1os, sonidos, bases de datos, programas, diagramas de flujo, presentaci\u00f3n de contenidos, arquitectura de navegaci\u00f3n y los c\u00f3digos fuente.<\/p>\n<p>Salvo autorizaci\u00f3n expresa de PATRIZIA, queda expresamente prohibida la reproducci\u00f3n, distribuci\u00f3n, transformaci\u00f3n y la comunicaci\u00f3n p\u00fablica, incluida su modalidad de puesta a disposici\u00f3n, de la totalidad o parte de los contenidos incluidos en esta p\u00e1gina web.<\/p>\n<p>El Usuario se compromete a respetar los derechos de propiedad intelectual e industrial titularidad de PATRIZIA, aceptando que la vulneraci\u00f3n de cualquiera de estos derechos podr\u00e1 ser considerada como una actividad delictiva tipificada en Espa\u00f1a en los art\u00edculos 270 y siguientes del C\u00f3digo Penal.<\/p>\n<ol start=\"5\">\n<li><strong>PROCEDIMIENTO EN CASO DE VIOLACI\u00d3N DE DERECHOS DE PROPIEDAD INTELECTUAL<\/strong><\/li>\n<\/ol>\n<p>En el caso de que cualquier Usuario o tercero considere que cualquiera de los contenidos ha sido introducido en el Sitio Web violando sus derechos de propiedad intelectual, se ruega que lo comunique inmediatamente a PATRIZIA, dirigi\u00e9ndose a la direcci\u00f3n electr\u00f3nica <a href=\"mailto:info@diagrame.es\">info@diagrame.es<\/a>, indicando dicha circunstancia, sus datos y los derechos de propiedad intelectual supuestamente infringidos.<\/p>\n<ol start=\"6\">\n<li><strong>RESPONSABILIDADES<\/strong><\/li>\n<\/ol>\n<p>PATRIZIA no ser\u00e1 responsable directa ni subsidiariamente de:<\/p>\n<ul>\n<li>La calidad del servicio, la velocidad de acceso, el correcto funcionamiento ni la disponibilidad ni continuidad de funcionamiento del Sitio Web.<\/li>\n<li>Los da\u00f1os y perjuicios de toda naturaleza que puedan causarse en los equipos del usuario por la utilizaci\u00f3n del Sitio Web, por la presencia de virus inform\u00e1ticos u otros elementos que puedan producir alteraciones o errores en los sistemas inform\u00e1ticos (software y hardware), documentos electr\u00f3nicos y ficheros del Usuario o de cualquier tercero.<\/li>\n<\/ul>\n<ul>\n<li>Los casos en que un tercero, quebrantando las medidas de seguridad establecidas, acceda a los mensajes o los utilice para la remisi\u00f3n de virus inform\u00e1ticos.<\/li>\n<li>Los vicios y defectos de toda clase de los contenidos transmitidos, difundidos, almacenados o puestos a disposici\u00f3n.<\/li>\n<li>La licitud, fiabilidad y utilidad de los contenidos que los usuarios transmitan con la utilizaci\u00f3n de la p\u00e1gina o de los servicios en \u00e9l ofertados, as\u00ed como tampoco su veracidad o exactitud. PATRIZIA no controla la utilizaci\u00f3n que los usuarios hacen del Sitio Web, ni garantiza que lo hagan conforme a lo establecido en el presente Aviso Legal.<\/li>\n<\/ul>\n<p>A t\u00edtulo enunciativo y con car\u00e1cter no limitativo, los usuarios ser\u00e1n responsables:<\/p>\n<ul>\n<li>De los contenidos introducidos por ellos, especialmente de los datos e informaciones introducidos y enviados a PATRIZIA por medio del Sitio Web.<\/li>\n<li>De la realizaci\u00f3n de cualquier tipo de actuaci\u00f3n il\u00edcita, lesiva de derechos, nociva y\/o perjudicial.<\/li>\n<li>De la facilitaci\u00f3n de datos no veraces o incorrectos.<\/li>\n<\/ul>\n<ol start=\"7\">\n<li><strong>ENLACES O LINKS<\/strong><\/li>\n<\/ol>\n<p>El Sitio Web puede incluir enlaces o links a sitios web de terceros. La funci\u00f3n de los links o enlaces que pudieran aparecer en este Sitio Web es exclusivamente la de informar al Usuario sobre la existencia de otras fuentes de informaci\u00f3n, donde podr\u00e1 ampliar o completar los datos ofrecidos en este Sitio.<\/p>\n<p>Las p\u00e1ginas web pertenecientes a terceros no han sido revisadas ni son objeto de controles por parte de PATRIZIA, que no podr\u00e1 ser considerada responsable de los contenidos de estos sitios web ni de las medidas que se adopten relativas a su privacidad o al tratamiento de sus datos de car\u00e1cter personal. En consecuencia, PATRIZIA no asume responsabilidad alguna derivada de los contenidos enlazados desde su Sitio Web, ni garantiza la ausencia de virus u otros elementos en los mismos que puedan producir alteraciones en el sistema inform\u00e1tico (hardware y software), en los documentos o los ficheros del Usuario, excluyendo cualquier responsabilidad por los da\u00f1os de cualquier clase causados al Usuario por este motivo.<\/p>\n<p>PATRIZIA recomienda la lectura detenida de las condiciones de uso y la pol\u00edtica de privacidad de estos sitios de terceros.<\/p>\n<p>En caso de que el usuario est\u00e9 interesado en incluir un enlace a alguna de las p\u00e1ginas de PATRIZIA, deber\u00e1 comunicarlo, obteniendo el consentimiento expreso para crear el enlace. PATRIZIA se reserva el derecho de oposici\u00f3n a la activaci\u00f3n de enlaces a su Sitio Web.<\/p>\n<ol start=\"8\">\n<li><strong>IDIOMA<\/strong><\/li>\n<\/ol>\n<p>PATRIZIA puede traducir el presente Aviso Legal, as\u00ed como sus Pol\u00edtica de Privacidad y Cookies, publicadas en su Sitio Web. En todo caso, la versi\u00f3n espa\u00f1ola prevalece frente a cualquier traducci\u00f3n.<\/p>\n<ol start=\"9\">\n<li><strong>FUERO<\/strong><\/li>\n<\/ol>\n<p>El presente Aviso Legal se encuentra redactado en castellano y sometido a la legislaci\u00f3n espa\u00f1ola vigente. Para cualquier tipo de controversia derivada de la utilizaci\u00f3n de los servicios ofrecidos o de los contenidos propios del sitio web, las partes, con la aceptaci\u00f3n del clausulado establecido en el presente Aviso Legal, se someter\u00e1n a los Tribunales y Juzgados competentes de Madrid capital.[\/vc_column_text][\/vc_column][\/vc_row]\n","protected":false},"excerpt":{"rendered":"<p>[vc_row type=\u00bbin_container\u00bb full_screen_row_position=\u00bbmiddle\u00bb column_margin=\u00bbdefault\u00bb column_direction=\u00bbdefault\u00bb column_direction_tablet=\u00bbdefault\u00bb column_direction_phone=\u00bbdefault\u00bb bg_color=\u00bb#ffffff\u00bb scene_position=\u00bbcenter\u00bb bottom_padding=\u00bb50&#8243; left_padding_desktop=\u00bb40&#8243; right_padding_desktop=\u00bb40&#8243; bottom_padding_tablet=\u00bb30&#8243; left_padding_tablet=\u00bb20&#8243; right_padding_tablet=\u00bb20&#8243; bottom_padding_phone=\u00bb30&#8243; left_padding_phone=\u00bb10&#8243; right_padding_phone=\u00bb10&#8243; text_color=\u00bbdark\u00bb text_align=\u00bbleft\u00bb row_border_radius=\u00bbnone\u00bb row_border_radius_applies=\u00bbbg\u00bb class=\u00bbdestacado legal\u00bb overlay_strength=\u00bb0.3&#8243; gradient_direction=\u00bbleft_to_right\u00bb shape_divider_position=\u00bbbottom\u00bb bg_image_animation=\u00bbnone\u00bb shape_type=\u00bb\u00bb][vc_column column_padding=\u00bbno-extra-padding\u00bb&#8230;<\/p>\n","protected":false},"author":1,"featured_media":0,"parent":0,"menu_order":0,"comment_status":"closed","ping_status":"closed","template":"","meta":[],"_links":{"self":[{"href":"https:\/\/diagrame.es\/es\/wp-json\/wp\/v2\/pages\/7368"}],"collection":[{"href":"https:\/\/diagrame.es\/es\/wp-json\/wp\/v2\/pages"}],"about":[{"href":"https:\/\/diagrame.es\/es\/wp-json\/wp\/v2\/types\/page"}],"author":[{"embeddable":true,"href":"https:\/\/diagrame.es\/es\/wp-json\/wp\/v2\/users\/1"}],"replies":[{"embeddable":true,"href":"https:\/\/diagrame.es\/es\/wp-json\/wp\/v2\/comments?post=7368"}],"version-history":[{"count":0,"href":"https:\/\/diagrame.es\/es\/wp-json\/wp\/v2\/pages\/7368\/revisions"}],"wp:attachment":[{"href":"https:\/\/diagrame.es\/es\/wp-json\/wp\/v2\/media?parent=7368"}],"curies":[{"name":"wp","href":"https:\/\/api.w.org\/{rel}","templated":true}]}}