{"id":7372,"date":"2020-12-26T21:57:09","date_gmt":"2020-12-26T21:57:09","guid":{"rendered":"https:\/\/diagrame.es\/privacy-policy\/"},"modified":"2022-07-29T13:04:28","modified_gmt":"2022-07-29T11:04:28","slug":"politica-de-privacidad","status":"publish","type":"page","link":"https:\/\/diagrame.es\/es\/politica-de-privacidad\/","title":{"rendered":"Pol\u00edtica de Privacidad"},"content":{"rendered":"[vc_row type=\u00bbin_container\u00bb full_screen_row_position=\u00bbmiddle\u00bb column_margin=\u00bbdefault\u00bb column_direction=\u00bbdefault\u00bb column_direction_tablet=\u00bbdefault\u00bb column_direction_phone=\u00bbdefault\u00bb scene_position=\u00bbcenter\u00bb bottom_padding=\u00bb50&#8243; left_padding_desktop=\u00bb40&#8243; right_padding_desktop=\u00bb40&#8243; bottom_padding_tablet=\u00bb30&#8243; left_padding_tablet=\u00bb20&#8243; right_padding_tablet=\u00bb20&#8243; bottom_padding_phone=\u00bb30&#8243; left_padding_phone=\u00bb10&#8243; right_padding_phone=\u00bb10&#8243; text_color=\u00bbdark\u00bb text_align=\u00bbleft\u00bb row_border_radius=\u00bbnone\u00bb row_border_radius_applies=\u00bbbg\u00bb class=\u00bbdestacado legal\u00bb overlay_strength=\u00bb0.3&#8243; gradient_direction=\u00bbleft_to_right\u00bb shape_divider_position=\u00bbbottom\u00bb bg_image_animation=\u00bbnone\u00bb shape_type=\u00bb\u00bb][vc_column column_padding=\u00bbno-extra-padding\u00bb column_padding_tablet=\u00bbinherit\u00bb column_padding_phone=\u00bbinherit\u00bb column_padding_position=\u00bball\u00bb background_color_opacity=\u00bb1&#8243; background_hover_color_opacity=\u00bb1&#8243; column_shadow=\u00bbnone\u00bb column_border_radius=\u00bbnone\u00bb column_link_target=\u00bb_self\u00bb gradient_direction=\u00bbleft_to_right\u00bb overlay_strength=\u00bb0.3&#8243; width=\u00bb1\/1&#8243; tablet_width_inherit=\u00bbdefault\u00bb tablet_text_alignment=\u00bbdefault\u00bb phone_text_alignment=\u00bbdefault\u00bb column_border_width=\u00bbnone\u00bb column_border_style=\u00bbsolid\u00bb bg_image_animation=\u00bbnone\u00bb][vc_column_text]\n<h2 class=\"center azul\" style=\"text-align: center;\">Pol\u00edtica de Privacidad<\/h2>\n<div class=\"clear50\"><\/div>\n<p>PATRIZIA, conforme a la legislaci\u00f3n vigente en materia de Protecci\u00f3n de Datos de Car\u00e1cter Personal, pone en conocimiento de los usuarios del sitio web <strong>https:\/\/diagrame.es<\/strong>\u00a0(en adelante, la P\u00e1gina) la Pol\u00edtica de Privacidad que seguir\u00e1 en el tratamiento de los datos personales que el Usuario facilite voluntariamente al acceder a su web.<\/p>\n<p>El Usuario, al proporcionar a PATRIZIA sus datos de car\u00e1cter personal, a trav\u00e9s de los formularios electr\u00f3nicos de la P\u00e1gina, apartado de contacto y, en su caso, a trav\u00e9s de la marcaci\u00f3n de la correspondiente casilla de aceptaci\u00f3n, consiente expresamente el tratamiento de esos datos, conforme la presente Pol\u00edtica de Privacidad.<\/p>\n<p>Si el usuario tiene alguna duda acerca de esta Pol\u00edtica de Privacidad o sobre c\u00f3mo PATRIZIA trata su informaci\u00f3n personal, puede contactar con nosotros en la direcci\u00f3n electr\u00f3nica <a href=\"mailto:info@diagrame.es\">info@diagrame.es<\/a><\/p>\n<p><strong>\u00bfQui\u00e9n es el responsable del tratamiento de sus datos personales?<\/strong><\/p>\n<p>El responsable del tratamiento de sus datos es:<\/p>\n<p>Patrizia- Diagrame SL, hereinafter referred to as \u201cPATRIZIA\u201d.<\/p>\n<p>C.I.: B8819 1713<\/p>\n<p>Direcci\u00f3n: C\/ GENOVA 27, 1. Madrid \u2013 Spain. Postal Code: 28004<\/p>\n<div>\n<div dir=\"ltr\" data-smartmail=\"gmail_signature\">\n<div dir=\"ltr\">\n<div dir=\"ltr\">\n<div dir=\"ltr\">\n<div dir=\"ltr\">\n<div dir=\"ltr\">\n<div dir=\"ltr\">\n<div>\n<p>Tel\u00e9fono: +34 91 76989 60<\/p>\n<\/div>\n<\/div>\n<\/div>\n<\/div>\n<\/div>\n<\/div>\n<\/div>\n<\/div>\n<\/div>\n<p>Correo electr\u00f3nico:\u00a0<a href=\"mailto:info@diagrame.es\">info@diagrame.es<\/a><\/p>\n<p><strong>\u00bfQu\u00e9 datos de car\u00e1cter personal recabamos y para qu\u00e9 los utilizamos?<\/strong><\/p>\n<p>PATRIZIA, a fin de poder proporcionar sus servicios, recibe y trata la informaci\u00f3n personal que el usuario le facilita directamente mediante la cumplimentaci\u00f3n voluntaria del formulario de contacto o el env\u00edo de correos electr\u00f3nicos.<\/p>\n<p>El usuario acepta el tratamiento de sus datos con las siguientes finalidades:<\/p>\n<ul>\n<li><strong>Datos facilitados a trav\u00e9s del formulario de contacto:<\/strong>\u00a0Gestionar y atender todas las solicitudes de informaci\u00f3n, consultas, reclamaciones o cualquier otro tipo de petici\u00f3n realizada por el usuario.<\/li>\n<\/ul>\n<ul>\n<li><strong>Env\u00edo de comunicaciones comerciales:<\/strong> En caso de que el usuario preste su consentimiento expreso para ello, marcando la casilla que se facilita, enviarle comunicaciones comerciales sobre los productos y servicios de PATRIZIA, por medios electr\u00f3nicos y\/o convencionales.<\/li>\n<\/ul>\n<p>El usuario ser\u00e1 el \u00fanico responsable de la veracidad de los datos facilitados a PATRIZIA.<\/p>\n<p><strong>\u00bfCu\u00e1l es la base legal para el tratamiento?<\/strong><\/p>\n<p>La base legal para el tratamiento de los datos personales del usuario descritos en la presente Pol\u00edtica de Privacidad es el consentimiento expreso prestado por el usuario al marcar la casilla de aceptaci\u00f3n para enviar una solicitud de informaci\u00f3n, consulta, reclamaci\u00f3n o cualquier otro tipo de petici\u00f3n; o para recibir comunicaciones comerciales.<\/p>\n<p>Los campos del formulario de contacto tienen la consideraci\u00f3n de campos necesarios para gestionar la solicitud del usuario. De no facilitarlos, no ser\u00e1 posible atender su solicitud.<\/p>\n<p>Los consentimientos prestados para las finalidades mencionadas son independientes por lo que el usuario podr\u00e1 retirar cualquiera de ellos, no afectando a los dem\u00e1s, en cualquier momento, sin que ello afecte a la licitud del tratamiento basado en el consentimiento previo a su retirada.<\/p>\n<p>Para retirar el consentimiento prestado, el usuario deber\u00e1 dirigirse por escrito ante PATRIZIA en las direcciones que se detallan en el apartado \u201c\u00bfQu\u00e9 derechos le asisten al usuario?\u201d<\/p>\n<p><strong>\u00bfPor cu\u00e1nto tiempo conservaremos los datos personales?<\/strong><\/p>\n<p>Los datos personales del usuario se conservar\u00e1n durante el tiempo necesario para atender su consulta y mientras el usuario no ejercite su derecho de oposici\u00f3n o supresi\u00f3n de sus datos.<\/p>\n<p>En todo caso, los datos personales se conservar\u00e1n durante los plazos de prescripci\u00f3n aplicables para la atenci\u00f3n de posibles responsabilidades legales que pudieran derivarse del tratamiento.<\/p>\n<p><strong>\u00bfA qui\u00e9n le comunicaremos sus datos personales?<\/strong><\/p>\n<p>Los datos personales facilitados podr\u00e1n ser comunicados a terceros a quienes PATRIZIA hubiera encargado alg\u00fan servicio relacionado con la finalidad del tratamiento, siempre cumpliendo para ello los requisitos establecidos por la legislaci\u00f3n vigente.<\/p>\n<p>En este sentido, con las finalidades descritas, compartimos los datos con las compa\u00f1\u00edas encargadas de la comercializaci\u00f3n de los activos inmobiliarios de PATRIZIA.<\/p>\n<p>CBRE REAL ESTATE, S.A., con direcci\u00f3n en Madrid, Espa\u00f1a,<br \/>\nPaseo de la Castellana 202, Edificio Castellana 200, Planta 8, 28046 Madrid y con<br \/>\nCIF no. A-28339471<\/p>\n<p>SAVILLS ESPA\u00d1A, con direcci\u00f3n en Madrid, Espa\u00f1a, Paseo de la Castellana 81, con CIF A-78909900,<\/p>\n<p><strong>\u00bfQu\u00e9 derechos le asisten al usuario?<\/strong><\/p>\n<p>Como titular de los datos personales, el usuario puede ejercitar sus derechos de acceso, rectificaci\u00f3n, supresi\u00f3n, portabilidad, limitaci\u00f3n u oposici\u00f3n al tratamiento, as\u00ed como a no ser objeto de decisiones individuales automatizadas, incluida la elaboraci\u00f3n de perfiles, dirigi\u00e9ndose por escrito PATRIZIA en alguna de las siguientes direcciones:<\/p>\n<p>Direcci\u00f3n postal: C\/ GENOVA 27, 1. Madrid \u2013 Espa\u00f1a.<\/p>\n<p>Correo electr\u00f3nico:\u00a0<a href=\"mailto:info@diagrame.es\">info@diagrame.es<\/a><\/p>\n<p>Asimismo, el usuario tiene el derecho a presentar una reclamaci\u00f3n ante\u00a0 la Autoridad de Control competente (en Espa\u00f1a, la Agencia Espa\u00f1ola de Protecci\u00f3n de Datos:\u00a0<a href=\"http:\/\/www.aepd.es\/\">www.aepd.es<\/a>), cuando considere que no ha obtenido satisfacci\u00f3n por parte del responsable del tratamiento en el ejercicio de sus derechos o considere que de tratamiento no se ajusta a la normativa vigente.<\/p>\n<p><strong>Actualizaciones y cambios<\/strong><\/p>\n<p>En cualquier momento, PATRIZIA puede modificar unilateralmente, y sin previo aviso, la presente Pol\u00edtica de Privacidad, en cuyo caso se informar\u00e1 de forma oportuna.[\/vc_column_text][\/vc_column][\/vc_row]\n","protected":false},"excerpt":{"rendered":"<p>[vc_row type=\u00bbin_container\u00bb full_screen_row_position=\u00bbmiddle\u00bb column_margin=\u00bbdefault\u00bb column_direction=\u00bbdefault\u00bb column_direction_tablet=\u00bbdefault\u00bb column_direction_phone=\u00bbdefault\u00bb scene_position=\u00bbcenter\u00bb bottom_padding=\u00bb50&#8243; left_padding_desktop=\u00bb40&#8243; right_padding_desktop=\u00bb40&#8243; bottom_padding_tablet=\u00bb30&#8243; left_padding_tablet=\u00bb20&#8243; right_padding_tablet=\u00bb20&#8243; bottom_padding_phone=\u00bb30&#8243; left_padding_phone=\u00bb10&#8243; right_padding_phone=\u00bb10&#8243; text_color=\u00bbdark\u00bb text_align=\u00bbleft\u00bb row_border_radius=\u00bbnone\u00bb row_border_radius_applies=\u00bbbg\u00bb class=\u00bbdestacado legal\u00bb overlay_strength=\u00bb0.3&#8243; gradient_direction=\u00bbleft_to_right\u00bb shape_divider_position=\u00bbbottom\u00bb bg_image_animation=\u00bbnone\u00bb shape_type=\u00bb\u00bb][vc_column column_padding=\u00bbno-extra-padding\u00bb column_padding_tablet=\u00bbinherit\u00bb&#8230;<\/p>\n","protected":false},"author":1,"featured_media":0,"parent":0,"menu_order":0,"comment_status":"closed","ping_status":"open","template":"","meta":[],"_links":{"self":[{"href":"https:\/\/diagrame.es\/es\/wp-json\/wp\/v2\/pages\/7372"}],"collection":[{"href":"https:\/\/diagrame.es\/es\/wp-json\/wp\/v2\/pages"}],"about":[{"href":"https:\/\/diagrame.es\/es\/wp-json\/wp\/v2\/types\/page"}],"author":[{"embeddable":true,"href":"https:\/\/diagrame.es\/es\/wp-json\/wp\/v2\/users\/1"}],"replies":[{"embeddable":true,"href":"https:\/\/diagrame.es\/es\/wp-json\/wp\/v2\/comments?post=7372"}],"version-history":[{"count":0,"href":"https:\/\/diagrame.es\/es\/wp-json\/wp\/v2\/pages\/7372\/revisions"}],"wp:attachment":[{"href":"https:\/\/diagrame.es\/es\/wp-json\/wp\/v2\/media?parent=7372"}],"curies":[{"name":"wp","href":"https:\/\/api.w.org\/{rel}","templated":true}]}}